{"id":3,"date":"2024-05-17T11:18:37","date_gmt":"2024-05-17T11:18:37","guid":{"rendered":"https:\/\/surfdock.at\/?page_id=3"},"modified":"2024-05-31T13:41:42","modified_gmt":"2024-05-31T13:41:42","slug":"privacy-policy","status":"publish","type":"page","link":"https:\/\/surfdock.at\/de\/privacy-policy\/","title":{"rendered":"Datenschutzrichtlinie"},"content":{"rendered":"<div data-elementor-type=\"wp-page\" data-elementor-id=\"3\" class=\"elementor elementor-3\" data-elementor-post-type=\"page\">\n\t\t\t\t<div class=\"elementor-element elementor-element-b3c5f1b e-flex e-con-boxed e-con e-parent\" data-id=\"b3c5f1b\" data-element_type=\"container\" data-e-type=\"container\">\n\t\t\t\t\t<div class=\"e-con-inner\">\n\t\t\t\t<div class=\"elementor-element elementor-element-a643357 elementor-widget elementor-widget-spacer\" data-id=\"a643357\" data-element_type=\"widget\" data-e-type=\"widget\" data-widget_type=\"spacer.default\">\n\t\t\t\t<div class=\"elementor-widget-container\">\n\t\t\t\t\t\t\t<div class=\"elementor-spacer\">\n\t\t\t<div class=\"elementor-spacer-inner\"><\/div>\n\t\t<\/div>\n\t\t\t\t\t\t<\/div>\n\t\t\t\t<\/div>\n\t\t\t\t\t<\/div>\n\t\t\t\t<\/div>\n\t\t<div class=\"elementor-element elementor-element-f0c94eb e-flex e-con-boxed e-con e-parent\" data-id=\"f0c94eb\" data-element_type=\"container\" data-e-type=\"container\">\n\t\t\t\t\t<div class=\"e-con-inner\">\n\t\t\t\t<div class=\"elementor-element elementor-element-a10600f elementor-widget elementor-widget-heading\" data-id=\"a10600f\" data-element_type=\"widget\" data-e-type=\"widget\" data-widget_type=\"heading.default\">\n\t\t\t\t<div class=\"elementor-widget-container\">\n\t\t\t\t\t<h2 class=\"elementor-heading-title elementor-size-default\">Datenschutzrichtlinie<\/h2>\t\t\t\t<\/div>\n\t\t\t\t<\/div>\n\t\t\t\t\t<\/div>\n\t\t\t\t<\/div>\n\t\t<div class=\"elementor-element elementor-element-62ddce85 e-flex e-con-boxed e-con e-parent\" data-id=\"62ddce85\" data-element_type=\"container\" data-e-type=\"container\">\n\t\t\t\t\t<div class=\"e-con-inner\">\n\t\t\t\t<div class=\"elementor-element elementor-element-6c5baad8 elementor-widget elementor-widget-text-editor\" data-id=\"6c5baad8\" data-element_type=\"widget\" data-e-type=\"widget\" data-widget_type=\"text-editor.default\">\n\t\t\t\t<div class=\"elementor-widget-container\">\n\t\t\t\t\t\t\t\t\t<p><em>G\u00fcltig ab: 31.05.2024<\/em><\/p>\n<h1>Einf\u00fchrung<\/h1>\n<p><strong>Willkommen bei Surf Dock<\/strong> (die \u201cWebsite\u201d), betrieben vom Sportverein \u201cSurf Dock Wien\u201d (im Folgenden je nach Kontext als \u201cwir\u201d, \u201cuns\u201d oder \u201cunser\u201d bezeichnet). Diese Datenschutzerkl\u00e4rung erl\u00e4utert unsere Vorgehensweise hinsichtlich der Erhebung, Nutzung und Weitergabe Ihrer Daten bei der Nutzung unserer Website, wenn Sie \u00fcber unsere Website unter surfdock.at auf den Dienst zugreifen, einschlie\u00dflich der Verwendung des OAuth 2.0-Protokolls zur Authentifizierung.<\/p>\n<h2>1. Informationen, die wir sammeln<\/h2>\n<ul>\n<li>\n<p><strong>Informationen, die Sie bereitstellen<\/strong>Wir erfassen Informationen von Ihnen, wenn Sie sich registrieren, anmelden oder mit unserer Website \u00fcber die OAuth 2.0-Authentifizierung interagieren. Dies umfasst Informationen wie Ihren Namen, Ihre E-Mail-Adresse und alle anderen Informationen, die Ihnen \u00fcber Ihren OAuth-Anbieter (z. B. Google, Facebook, Twitter) bereitgestellt werden.<\/p>\n<\/li>\n<li>\n<p><strong>Automatisch erfasste Informationen<\/strong>Wenn Sie unsere Website besuchen, erfassen wir m\u00f6glicherweise automatisch Informationen \u00fcber Ihr Ger\u00e4t und Ihre Nutzung unserer Website. Dazu geh\u00f6ren Ihre IP-Adresse, Ihr Browsertyp, Ihr Betriebssystem, die verweisenden URLs, Ger\u00e4te-IDs und andere Nutzungsdaten.<\/p>\n<\/li>\n<li>\n<p><strong>Cookies und Tracking-Technologien<\/strong>Wir verwenden Cookies und \u00e4hnliche Tracking-Technologien, um die Aktivit\u00e4ten auf unserer Website zu verfolgen und bestimmte Informationen zu speichern, die uns dabei helfen, Ihr Benutzererlebnis zu personalisieren und zu verbessern.<\/p>\n<\/li>\n<\/ul>\n<h2>2. Wie wir Ihre Daten verwenden<\/h2>\n<p>Wir nutzen die von uns gesammelten Informationen auf verschiedene Weise, unter anderem um:<\/p>\n<ul>\n<li>Bereitstellung, Betrieb und Wartung unserer Website<\/li>\n<li>Verbessern, personalisieren und erweitern Sie unsere Website<\/li>\n<li>Verstehen und analysieren Sie, wie Sie unsere Website nutzen<\/li>\n<li>Entwicklung neuer Produkte, Dienstleistungen, Funktionen und Funktionalit\u00e4ten<\/li>\n<li>Wir kommunizieren mit Ihnen, entweder direkt oder \u00fcber einen unserer Partner, unter anderem im Rahmen des Kundenservice, um Sie \u00fcber Aktualisierungen und andere Informationen bez\u00fcglich der Website zu informieren sowie f\u00fcr Marketing- und Werbezwecke.<\/li>\n<li>Senden wir Ihnen E-Mails<\/li>\n<li>Betrug aufdecken und verhindern<\/li>\n<\/ul>\n<h2>3. Wie wir Ihre Daten weitergeben<\/h2>\n<p>Wir k\u00f6nnen die von uns gesammelten Informationen auf verschiedene Weise weitergeben, unter anderem auf folgende:<\/p>\n<ul>\n<li>Mit Dienstleistern, die f\u00fcr uns Dienstleistungen erbringen (unter Einhaltung von Vertraulichkeitsvereinbarungen).<\/li>\n<li>Mit Gesch\u00e4ftspartnern, um Ihnen bestimmte Produkte, Dienstleistungen oder Werbeaktionen anzubieten.<\/li>\n<li>Wenn dies gesetzlich vorgeschrieben ist, um geltendes Recht einzuhalten oder auf ein g\u00fcltiges Rechtsverfahren, wie beispielsweise einen Durchsuchungsbefehl oder eine gerichtliche Anordnung, zu reagieren.<\/li>\n<li>Im Falle einer Fusion, \u00dcbernahme oder des Verkaufs von Verm\u00f6genswerten k\u00f6nnen Ihre Daten im Rahmen dieser Transaktion \u00fcbertragen werden.<\/li>\n<\/ul>\n<h2>4. OAuth 2.0-Protokoll<\/h2>\n<p>OAuth 2.0 dient der Autorisierung und Authentifizierung des Zugriffs von Anwendungen auf Ihre Daten, ohne Ihr Passwort preiszugeben. Wenn Sie sich \u00fcber OAuth 2.0 anmelden, werden Sie zum OAuth-Anbieter weitergeleitet, wo Sie unserer Anwendung den Zugriff auf Ihre Daten gestatten. Wir erhalten oder speichern Ihre Passw\u00f6rter nicht.<\/p>\n<h2>5. Datensicherheit<\/h2>\n<p>Wir setzen verschiedene Sicherheitsma\u00dfnahmen ein, um die Sicherheit Ihrer pers\u00f6nlichen Daten bei der Eingabe, \u00dcbermittlung oder dem Zugriff auf Ihre pers\u00f6nlichen Daten zu gew\u00e4hrleisten. Allerdings ist keine Methode der Daten\u00fcbertragung \u00fcber das Internet oder der elektronischen Speicherung hundertprozentig sicher.<\/p>\n<h2>6. Ihre Datenschutzrechte<\/h2>\n<p>Sie haben bestimmte Datenschutzrechte, darunter:<\/p>\n<ul>\n<li>Das Recht, auf die bei uns gespeicherten Informationen \u00fcber Sie zuzugreifen, diese zu aktualisieren oder zu l\u00f6schen.<\/li>\n<li>Das Recht auf Berichtigung, falls diese Informationen unrichtig oder unvollst\u00e4ndig sind.<\/li>\n<li>Das Recht, der Verarbeitung Ihrer personenbezogenen Daten durch uns zu widersprechen.<\/li>\n<li>Das Recht auf Daten\u00fcbertragbarkeit, das Recht, eine Kopie Ihrer Daten in einem lesbaren Format zu erhalten.<\/li>\n<li>Das Recht, Ihre Einwilligung jederzeit zu widerrufen, sofern wir Ihre Daten auf Grundlage Ihrer Einwilligung verarbeitet haben.<\/li>\n<\/ul>\n<h2>7. \u00c4nderungen dieser Datenschutzrichtlinie<\/h2>\n<p>Wir k\u00f6nnen unsere Datenschutzrichtlinie von Zeit zu Zeit aktualisieren. Wir werden Sie \u00fcber alle \u00c4nderungen informieren, indem wir die neue Datenschutzrichtlinie auf dieser Seite ver\u00f6ffentlichen.<\/p>\n<h2>8. Kontaktieren Sie uns<\/h2>\n<p>Bei Fragen oder Anregungen zu unserer Datenschutzrichtlinie kontaktieren Sie uns bitte unter booking@surfdock.at.<\/p>\t\t\t\t\t\t\t\t<\/div>\n\t\t\t\t<\/div>\n\t\t\t\t\t<\/div>\n\t\t\t\t<\/div>\n\t\t\t\t<\/div>","protected":false},"excerpt":{"rendered":"<p>Privacy Policy Effective Date: 31.05.2024 Introduction Welcome to Surf Dock (the \u201cWebsite\u201d), operated by Sportverein &#8220;Surf Dock Wien&#8221; (referred to as \u201cus\u201d, \u201cwe\u201d, \u201cour\u201d as the context may require). This Privacy Policy explains our practices concerning the collection, use, and disclosure of your information through the use of our Website, when you access the service [&hellip;]<\/p>\n","protected":false},"author":1,"featured_media":0,"parent":0,"menu_order":0,"comment_status":"closed","ping_status":"open","template":"elementor_header_footer","meta":{"footnotes":""},"class_list":["post-3","page","type-page","status-publish","hentry"],"_links":{"self":[{"href":"https:\/\/surfdock.at\/de\/wp-json\/wp\/v2\/pages\/3","targetHints":{"allow":["GET"]}}],"collection":[{"href":"https:\/\/surfdock.at\/de\/wp-json\/wp\/v2\/pages"}],"about":[{"href":"https:\/\/surfdock.at\/de\/wp-json\/wp\/v2\/types\/page"}],"author":[{"embeddable":true,"href":"https:\/\/surfdock.at\/de\/wp-json\/wp\/v2\/users\/1"}],"replies":[{"embeddable":true,"href":"https:\/\/surfdock.at\/de\/wp-json\/wp\/v2\/comments?post=3"}],"version-history":[{"count":12,"href":"https:\/\/surfdock.at\/de\/wp-json\/wp\/v2\/pages\/3\/revisions"}],"predecessor-version":[{"id":1345,"href":"https:\/\/surfdock.at\/de\/wp-json\/wp\/v2\/pages\/3\/revisions\/1345"}],"wp:attachment":[{"href":"https:\/\/surfdock.at\/de\/wp-json\/wp\/v2\/media?parent=3"}],"curies":[{"name":"wp","href":"https:\/\/api.w.org\/{rel}","templated":true}]}}